{"id":2499,"date":"2022-04-14T14:48:43","date_gmt":"2022-04-14T17:48:43","guid":{"rendered":"http:\/\/www.sambio.org.br\/simbioma_novo\/?page_id=2499"},"modified":"2024-07-04T13:58:44","modified_gmt":"2024-07-04T16:58:44","slug":"contato","status":"publish","type":"page","link":"http:\/\/www.sambio.org.br\/simbioma\/contato\/","title":{"rendered":"Contato"},"content":{"rendered":"\n<div class=\"wp-block-columns is-layout-flex wp-container-core-columns-is-layout-9d6595d7 wp-block-columns-is-layout-flex\">\n<div class=\"wp-block-column is-layout-flow wp-block-column-is-layout-flow\">\n<div class=\"wp-block-columns is-layout-flex wp-container-core-columns-is-layout-9d6595d7 wp-block-columns-is-layout-flex\">\n<div class=\"wp-block-column is-layout-flow wp-block-column-is-layout-flow\">\n<h2 class=\"wp-block-heading\">Precisa falar com a gente?<\/h2>\n\n\n\n<p>Nosso principal canal de comunica\u00e7\u00e3o \u00e9 o <a href=\"http:\/\/www.instagram.com\/simbioma_\">Instagram <\/a>(@simbioma_), mas d\u00favidas e informa\u00e7\u00f5es podem ser solicitadas por e-mail diretamente com as comiss\u00f5es respons\u00e1veis:<\/p>\n\n\n\n<p>D\u00favidas e informa\u00e7\u00f5es sobre <strong>inscri\u00e7\u00f5es<\/strong>: inscricoes.simbioma@sambio.org.br<\/p>\n\n\n\n<p>D\u00favidas e informa\u00e7\u00f5es sobre a <strong>submiss\u00e3o de trabalhos<\/strong>: resumos.simbioma@sambio.org.br<\/p>\n\n\n\n<p>D\u00favidas e informa\u00e7\u00f5es sobre os <strong>concursos de fotografia e ilustra\u00e7\u00e3o cient\u00edfica<\/strong>: concurso.simbioma@sambio.org.br<\/p>\n<\/div>\n<\/div>\n\n\n\n<p>D\u00favidas e informa\u00e7\u00f5es sobre <strong>minicursos: <\/strong>minicursos.sambio@gmail.com<\/p>\n<\/div>\n<\/div>\n\n\n\n<p><\/p>\n","protected":false},"excerpt":{"rendered":"<p>Precisa falar com a gente? Nosso principal canal de comunica\u00e7\u00e3o \u00e9 o Instagram (@simbioma_), &hellip;<\/p>\n","protected":false},"author":8,"featured_media":0,"parent":0,"menu_order":0,"comment_status":"closed","ping_status":"closed","template":"","meta":{"footnotes":""},"class_list":["post-2499","page","type-page","status-publish","hentry"],"jetpack_sharing_enabled":true,"_links":{"self":[{"href":"http:\/\/www.sambio.org.br\/simbioma\/wp-json\/wp\/v2\/pages\/2499","targetHints":{"allow":["GET"]}}],"collection":[{"href":"http:\/\/www.sambio.org.br\/simbioma\/wp-json\/wp\/v2\/pages"}],"about":[{"href":"http:\/\/www.sambio.org.br\/simbioma\/wp-json\/wp\/v2\/types\/page"}],"author":[{"embeddable":true,"href":"http:\/\/www.sambio.org.br\/simbioma\/wp-json\/wp\/v2\/users\/8"}],"replies":[{"embeddable":true,"href":"http:\/\/www.sambio.org.br\/simbioma\/wp-json\/wp\/v2\/comments?post=2499"}],"version-history":[{"count":7,"href":"http:\/\/www.sambio.org.br\/simbioma\/wp-json\/wp\/v2\/pages\/2499\/revisions"}],"predecessor-version":[{"id":3752,"href":"http:\/\/www.sambio.org.br\/simbioma\/wp-json\/wp\/v2\/pages\/2499\/revisions\/3752"}],"wp:attachment":[{"href":"http:\/\/www.sambio.org.br\/simbioma\/wp-json\/wp\/v2\/media?parent=2499"}],"curies":[{"name":"wp","href":"https:\/\/api.w.org\/{rel}","templated":true}]}}