{"id":2507,"date":"2022-04-14T14:58:02","date_gmt":"2022-04-14T17:58:02","guid":{"rendered":"http:\/\/www.sambio.org.br\/simbioma_novo\/index.php\/colibri-wp\/"},"modified":"2026-04-24T10:01:25","modified_gmt":"2026-04-24T13:01:25","slug":"colibri-wp","status":"publish","type":"page","link":"http:\/\/www.sambio.org.br\/simbioma\/","title":{"rendered":"Instagram"},"content":{"rendered":"\n<h3 class=\"wp-block-heading has-text-align-center has-text-color has-background has-link-color wp-elements-66fa5097bdde602ccbc72cef54016d89\" style=\"color:#682803;background-color:#aecaf1\"><mark style=\"background-color:rgba(0, 0, 0, 0)\" class=\"has-inline-color has-accent-1-color\">Fique por dentro das \u00faltimas postagens no nosso instagram!<\/mark><\/h3>\n\n\n\t\t<div class=\"wp-block-jetpack-instagram-gallery aligncenter wp-block-jetpack-instagram-gallery__grid wp-block-jetpack-instagram-gallery__grid-columns-3 is-stacked-on-mobile\" style=\"grid-gap: 24px; --latest-instagram-posts-spacing: 24px;\">\n\t\t\t\t\t<a\n\t\t\t\tclass=\"wp-block-jetpack-instagram-gallery__grid-post\"\n\t\t\t\thref=\"https:\/\/www.instagram.com\/p\/DYHkW_KEVP4\/\"\n\t\t\t\trel=\"noopener noreferrer\"\n\t\t\t\ttarget=\"_blank\"\n\t\t\t>\n\t\t\t\t<img\n\t\t\t\t\talt=\"O prazo para submiss\u00e3o de propostas de minicursos do XIV Simbioma foi prorrogado!\"\n\t\t\t\t\tsrc=\"https:\/\/scontent-dfw5-2.cdninstagram.com\/v\/t51.82787-15\/689306664_18200328142347444_3474795124949669688_n.webp?stp=dst-jpg_e35_tt6&#038;_nc_cat=108&#038;ccb=7-5&#038;_nc_sid=18de74&#038;efg=eyJlZmdfdGFnIjoiRkVFRC5iZXN0X2ltYWdlX3VybGdlbi5DMyJ9&#038;_nc_ohc=UhCLbaXvIykQ7kNvwFaaSdO&#038;_nc_oc=AdrLyhOqDXtR26T3FHU6J5Ea82vXNUWm-XmSsdCVq8Nn8ciXPgEUST1z3Gk84Fds6tD3zt9NvK31u7ypSRnhxlT_&#038;_nc_zt=23&#038;_nc_ht=scontent-dfw5-2.cdninstagram.com&#038;edm=ANo9K5cEAAAA&#038;_nc_gid=rRelatX524Xm4Z_7esU3UA&#038;_nc_tpa=Q5bMBQFuqS7FbP7Q2WAIRrmY5cIoqCexuBIV1tqmeWjw9CMMeTf4J4YXitdyb1UITPSJ6Ts8XbDKgdWetw&#038;oh=00_Af480X1hCo70BC6toMiMR6nqOKmxoRcF-pAeMNmtUYCXVg&#038;oe=6A065EE8\"\n\t\t\t\t\tloading=\"lazy\"\n\t\t\t\t\/>\n\t\t\t<\/a>\n\t\t\t\t\t<a\n\t\t\t\tclass=\"wp-block-jetpack-instagram-gallery__grid-post\"\n\t\t\t\thref=\"https:\/\/www.instagram.com\/p\/DXxNjLeklUk\/\"\n\t\t\t\trel=\"noopener noreferrer\"\n\t\t\t\ttarget=\"_blank\"\n\t\t\t>\n\t\t\t\t<img\n\t\t\t\t\talt=\"\ud83d\udea8 ATEN\u00c7\u00c3O: edital retificado!\"\n\t\t\t\t\tsrc=\"https:\/\/scontent-dfw6-1.cdninstagram.com\/v\/t51.82787-15\/686174882_18199430428347444_3044836283202153252_n.webp?stp=dst-jpg_e35_tt6&#038;_nc_cat=101&#038;ccb=7-5&#038;_nc_sid=18de74&#038;efg=eyJlZmdfdGFnIjoiRkVFRC5iZXN0X2ltYWdlX3VybGdlbi5DMyJ9&#038;_nc_ohc=0PYhU_Tw-vcQ7kNvwExRxR6&#038;_nc_oc=AdpFRj6gLP5m4ouJD9PVe3Yl_mcygvvlvfyc7S3kiBNltgjy6C6TBYDXeQn-DBZGgaipqlSnqRs3Yf98imsNXqg1&#038;_nc_zt=23&#038;_nc_ht=scontent-dfw6-1.cdninstagram.com&#038;edm=ANo9K5cEAAAA&#038;_nc_gid=rRelatX524Xm4Z_7esU3UA&#038;_nc_tpa=Q5bMBQEFd2VNaNHwzZ2yUC9Eat-nCGmEJmvd4YewsTpk-Ul5WrP_cO1HDIfk--SdSmZeraejqVNW-5h6Hw&#038;oh=00_Af4G42CL-u99Xr-rIA6GwPH3xTWVoNfc1vm7ZpCpVw-ikg&#038;oe=6A065B01\"\n\t\t\t\t\tloading=\"lazy\"\n\t\t\t\t\/>\n\t\t\t<\/a>\n\t\t\t\t\t<a\n\t\t\t\tclass=\"wp-block-jetpack-instagram-gallery__grid-post\"\n\t\t\t\thref=\"https:\/\/www.instagram.com\/p\/DXhJU93DZkE\/\"\n\t\t\t\trel=\"noopener noreferrer\"\n\t\t\t\ttarget=\"_blank\"\n\t\t\t>\n\t\t\t\t<img\n\t\t\t\t\talt=\"As submiss\u00f5es para minicursos do XIV Simbioma est\u00e3o abertas.\"\n\t\t\t\t\tsrc=\"https:\/\/scontent-dfw5-1.cdninstagram.com\/v\/t51.82787-15\/672445639_18198757894347444_1080759161519093699_n.webp?stp=dst-jpg_e35_tt6&#038;_nc_cat=105&#038;ccb=7-5&#038;_nc_sid=18de74&#038;efg=eyJlZmdfdGFnIjoiRkVFRC5iZXN0X2ltYWdlX3VybGdlbi5DMyJ9&#038;_nc_ohc=oNioKRD8US0Q7kNvwG9LTSh&#038;_nc_oc=AdrZ4ol73QqbiUwI8BHVIB9tMfADNMoHSWCFYuiFXfQtobxX_U3xp6fEpTnCaANQnbE5e_Br1JJREu0zfW9Sbmy7&#038;_nc_zt=23&#038;_nc_ht=scontent-dfw5-1.cdninstagram.com&#038;edm=ANo9K5cEAAAA&#038;_nc_gid=rRelatX524Xm4Z_7esU3UA&#038;_nc_tpa=Q5bMBQE2UA_RK3LlpCIsrpWfTGvHFbIx8-uTu6_HgY4nJzNdKfs8L4_HzUBa5zERPnjk9aD_pnIFPLpy9A&#038;oh=00_Af5FBwL15m01OTvg_0x8wHEiue4eOExwsPofsGj22Dp2EQ&#038;oe=6A063517\"\n\t\t\t\t\tloading=\"lazy\"\n\t\t\t\t\/>\n\t\t\t<\/a>\n\t\t\t\t\t<a\n\t\t\t\tclass=\"wp-block-jetpack-instagram-gallery__grid-post\"\n\t\t\t\thref=\"https:\/\/www.instagram.com\/p\/DXfRa6xEtnM\/\"\n\t\t\t\trel=\"noopener noreferrer\"\n\t\t\t\ttarget=\"_blank\"\n\t\t\t>\n\t\t\t\t<img\n\t\t\t\t\talt=\"Se preparem para o que est\u00e1 por vir! \u2728\"\n\t\t\t\t\tsrc=\"https:\/\/scontent-dfw5-1.cdninstagram.com\/v\/t51.82787-15\/671199260_18198678001347444_2694070642535888163_n.webp?stp=dst-jpg_e35_tt6&#038;_nc_cat=110&#038;ccb=7-5&#038;_nc_sid=18de74&#038;efg=eyJlZmdfdGFnIjoiRkVFRC5iZXN0X2ltYWdlX3VybGdlbi5DMyJ9&#038;_nc_ohc=EGoXm70EhAsQ7kNvwEaZUJJ&#038;_nc_oc=Ado99ADU2yabPS-FdLgeEC-Nq3fXyooGT4dKtDmk2HK3yAG9VyFHOx1yDSOvLU6mhUFhQgda-0KjwyAPSrOmCmgc&#038;_nc_zt=23&#038;_nc_ht=scontent-dfw5-1.cdninstagram.com&#038;edm=ANo9K5cEAAAA&#038;_nc_gid=rRelatX524Xm4Z_7esU3UA&#038;_nc_tpa=Q5bMBQFfHuHXLKGH_EL1J8ieQdAf3a6b6xBH5Clk-zMgCdYJy49HUq7ujWvXCiqhLJhWmxuJWl6Khc2VLw&#038;oh=00_Af6zeQWxJ6T7EfZY6oTK-ij7a1hWVZzvDLgE4jpUH6QebQ&#038;oe=6A06428A\"\n\t\t\t\t\tloading=\"lazy\"\n\t\t\t\t\/>\n\t\t\t<\/a>\n\t\t\t\t\t<a\n\t\t\t\tclass=\"wp-block-jetpack-instagram-gallery__grid-post\"\n\t\t\t\thref=\"https:\/\/www.instagram.com\/reel\/DNqS4oVt5uL\/\"\n\t\t\t\trel=\"noopener noreferrer\"\n\t\t\t\ttarget=\"_blank\"\n\t\t\t>\n\t\t\t\t<img\n\t\t\t\t\talt=\"A presidente da SAMBIO fala sobre a import\u00e2ncia do SIMBIOMA 2025 e convida todos a participarem dessa experi\u00eancia \u00fanica \ud83c\udf31\ud83d\udc9a #simbioma #sambio #inma #santateresa #2025 #evento #simposio\"\n\t\t\t\t\tsrc=\"https:\/\/scontent-dfw5-1.cdninstagram.com\/v\/t51.82787-15\/537573743_18171993595347444_6920960612926543078_n.jpg?stp=dst-jpg_e35_tt6&#038;_nc_cat=105&#038;ccb=7-5&#038;_nc_sid=18de74&#038;efg=eyJlZmdfdGFnIjoiQ0xJUFMuYmVzdF9pbWFnZV91cmxnZW4uQzMifQ%3D%3D&#038;_nc_ohc=aQu5Xty2HQ8Q7kNvwGtb90x&#038;_nc_oc=AdoCuoOaIvq4JAb5HY3PXCX-5qQGWk19wERWS4YoGwixSmiOOrh7syZO8YZpqE2Rw3VeHwV0yGrYvrcdzxIkjybp&#038;_nc_zt=23&#038;_nc_ht=scontent-dfw5-1.cdninstagram.com&#038;edm=ANo9K5cEAAAA&#038;_nc_gid=rRelatX524Xm4Z_7esU3UA&#038;_nc_tpa=Q5bMBQGAw9K0uOV42okX9MDIjshCV8_L6KdpyxYovzGVwZFAAomzRmKw_qhSMn4_P5K_cjbbGkecXX4m1A&#038;oh=00_Af4SPWLEr0400nQ78CSALfQXi6rQ16JDRjqj5g9Fpu502g&#038;oe=6A064957\"\n\t\t\t\t\tloading=\"lazy\"\n\t\t\t\t\/>\n\t\t\t<\/a>\n\t\t\t\t\t<a\n\t\t\t\tclass=\"wp-block-jetpack-instagram-gallery__grid-post\"\n\t\t\t\thref=\"https:\/\/www.instagram.com\/p\/DNp-fsFt5XH\/\"\n\t\t\t\trel=\"noopener noreferrer\"\n\t\t\t\ttarget=\"_blank\"\n\t\t\t>\n\t\t\t\t<img\n\t\t\t\t\talt=\"CONCURSO DE FOTOGRAFIA CATEGORIA PROFISSIONAL: Callithrix flaviceps, esp\u00e9cie end\u00eamica e amea\u00e7ada, olhando como quem clama por sua sobreviv\u00eancia.\"\n\t\t\t\t\tsrc=\"https:\/\/scontent-dfw6-1.cdninstagram.com\/v\/t51.82787-15\/623380331_17988607517766865_7359460502263881565_n.jpg?stp=dst-jpg_e35_tt6&#038;_nc_cat=106&#038;ccb=7-5&#038;_nc_sid=18de74&#038;efg=eyJlZmdfdGFnIjoiRkVFRC5iZXN0X2ltYWdlX3VybGdlbi5DMyJ9&#038;_nc_ohc=8ZKOEU7eeCMQ7kNvwHnG6qu&#038;_nc_oc=AdqEzgkVxDE2pDxoGmX7sRY8rxJi867vse6bgXhQaQ9B38TFGdpPwBb86ysplkYbEul9gUt7d85ZDShHzcOKnl4l&#038;_nc_zt=23&#038;_nc_ht=scontent-dfw6-1.cdninstagram.com&#038;edm=ANo9K5cEAAAA&#038;_nc_gid=rRelatX524Xm4Z_7esU3UA&#038;_nc_tpa=Q5bMBQG5OCurFTmq9zy6ubq2gfQMb-CJ1kNdI70sXNJDfrySqWgUuKhp8Unwkv3V-wt__0KBZy1epECQdw&#038;oh=00_Af6YlGEPyB5cFRdHG65gitsoeOtESjrGgOPlognNs9fNNQ&#038;oe=6A065C3E\"\n\t\t\t\t\tloading=\"lazy\"\n\t\t\t\t\/>\n\t\t\t<\/a>\n\t\t\t\t\t<a\n\t\t\t\tclass=\"wp-block-jetpack-instagram-gallery__grid-post\"\n\t\t\t\thref=\"https:\/\/www.instagram.com\/p\/DNp-a50N8vo\/\"\n\t\t\t\trel=\"noopener noreferrer\"\n\t\t\t\ttarget=\"_blank\"\n\t\t\t>\n\t\t\t\t<img\n\t\t\t\t\talt=\"CONCURSO DE FOTOGRAFIA CATEGORIA PROFISSIONAL: Caxinguel\u00ea (Scirus brasiliensis) resiste em meio a um fragmento de mata atl\u00e2ntica e a cidade.\"\n\t\t\t\t\tsrc=\"https:\/\/scontent-dfw5-2.cdninstagram.com\/v\/t51.82787-15\/621150529_17933363421158789_6042256777316905121_n.jpg?stp=dst-jpg_e35_tt6&#038;_nc_cat=108&#038;ccb=7-5&#038;_nc_sid=18de74&#038;efg=eyJlZmdfdGFnIjoiRkVFRC5iZXN0X2ltYWdlX3VybGdlbi5DMyJ9&#038;_nc_ohc=XfbrVSzaC7UQ7kNvwHCA4-s&#038;_nc_oc=AdoiYPLWwmxZ4sbEmwfTRL1JBqrIeyUmOdVg-OstzuCe1BM2Uak6IKXltRpoV3LuYJR5XNnuqrAvWysFiEcsX1JN&#038;_nc_zt=23&#038;_nc_ht=scontent-dfw5-2.cdninstagram.com&#038;edm=ANo9K5cEAAAA&#038;_nc_gid=rRelatX524Xm4Z_7esU3UA&#038;_nc_tpa=Q5bMBQGhgW0l5ylSKCaHXcUBGXc5MxdQuNMc27kwegbTwIry8xHEqXheFLBHt_1jYJzXQLxGkeFQJ6fsdg&#038;oh=00_Af5ZA3FFgPKrLgCIapOPKSiNoRX7oTv0NRrI52G2_1MWHg&#038;oe=6A0630E8\"\n\t\t\t\t\tloading=\"lazy\"\n\t\t\t\t\/>\n\t\t\t<\/a>\n\t\t\t\t\t<a\n\t\t\t\tclass=\"wp-block-jetpack-instagram-gallery__grid-post\"\n\t\t\t\thref=\"https:\/\/www.instagram.com\/p\/DNp-XRHt_U-\/\"\n\t\t\t\trel=\"noopener noreferrer\"\n\t\t\t\ttarget=\"_blank\"\n\t\t\t>\n\t\t\t\t<img\n\t\t\t\t\talt=\"CONCURSO DE FOTOGRAFIA CATEGORIA PROFISSIONAL: Em meio a um inc\u00eandio tez irm\u00e3s, vellozias gigantea lutando pela vida, com um futuro nada bom em meio aos extremos clim\u00e1ticos neste \u00faltimo s\u00e9culo, os fortes sobrevivem, mas at\u00e9 quando?\"\n\t\t\t\t\tsrc=\"https:\/\/scontent-dfw5-1.cdninstagram.com\/v\/t51.82787-15\/622262418_17881637598355525_130549908053602920_n.jpg?stp=dst-jpg_e35_tt6&#038;_nc_cat=109&#038;ccb=7-5&#038;_nc_sid=18de74&#038;efg=eyJlZmdfdGFnIjoiRkVFRC5iZXN0X2ltYWdlX3VybGdlbi5DMyJ9&#038;_nc_ohc=zAd1NMhA7l8Q7kNvwGabw06&#038;_nc_oc=AdpfstfrTBkqU4tgavHQp7UxJzjfcGmvy5CYHN_0etkgQpZQVoPrep_Y0RLGYG-OqqgYN4yo8yf0w1mbD1ZjgNFd&#038;_nc_zt=23&#038;_nc_ht=scontent-dfw5-1.cdninstagram.com&#038;edm=ANo9K5cEAAAA&#038;_nc_gid=rRelatX524Xm4Z_7esU3UA&#038;_nc_tpa=Q5bMBQHHxi1e51maTbEq0kDQbHDjrBZbrX8mHYb538dQq5TZY5iEbB6vJUOYUGhzIYKQNZ4NcYwODQb3uA&#038;oh=00_Af4VHHpmFfkjJZ7-Fq06EF5WuBdMibnc39HgkFKcsbGKiA&#038;oe=6A065662\"\n\t\t\t\t\tloading=\"lazy\"\n\t\t\t\t\/>\n\t\t\t<\/a>\n\t\t\t\t\t<a\n\t\t\t\tclass=\"wp-block-jetpack-instagram-gallery__grid-post\"\n\t\t\t\thref=\"https:\/\/www.instagram.com\/p\/DNp-TNmt9CZ\/\"\n\t\t\t\trel=\"noopener noreferrer\"\n\t\t\t\ttarget=\"_blank\"\n\t\t\t>\n\t\t\t\t<img\n\t\t\t\t\talt=\"CONCURSO DE FOTOGRAFIA CATEGORIA PROFISSIONAL: O p\u00e1ssaro-preto, de nome cient\u00edfico Gnorimopsar chopi, se alimenta de frutos, sementes e insetos, dentre eles est\u00e1 incluso na sua dieta as formigas.\"\n\t\t\t\t\tsrc=\"https:\/\/scontent-dfw5-1.cdninstagram.com\/v\/t51.82787-15\/625057526_18087482546149411_5450078492508742408_n.jpg?stp=dst-jpg_e35_tt6&#038;_nc_cat=109&#038;ccb=7-5&#038;_nc_sid=18de74&#038;efg=eyJlZmdfdGFnIjoiRkVFRC5iZXN0X2ltYWdlX3VybGdlbi5DMyJ9&#038;_nc_ohc=lP5A08mBcjUQ7kNvwH1vKyp&#038;_nc_oc=Adp9_xtkXrme33eHf1-1hVLiDt68qQE_DppYB3W2mEYRQ5Uto7Lf-rNchHAKZd_5Q0j4kSHVwOiB06CF3dO9JOhe&#038;_nc_zt=23&#038;_nc_ht=scontent-dfw5-1.cdninstagram.com&#038;edm=ANo9K5cEAAAA&#038;_nc_gid=rRelatX524Xm4Z_7esU3UA&#038;_nc_tpa=Q5bMBQHcwr58toXIed6oDqQGHVwp3-0xQiN6fA3CWXJVY7nUi2UhOGRZ7FkeMf-9ZiN-g423WgVK6Lutrg&#038;oh=00_Af4Hxzq-6dq36pn8fMiE2syXR8Ao0Dgu7_qAGIi8fTkYAA&#038;oe=6A064209\"\n\t\t\t\t\tloading=\"lazy\"\n\t\t\t\t\/>\n\t\t\t<\/a>\n\t\t\t<\/div>\n\n\t\n\n\n<h1 class=\"wp-block-heading\"><\/h1>\n","protected":false},"excerpt":{"rendered":"<p>Fique por dentro das \u00faltimas postagens no nosso instagram!<\/p>\n","protected":false},"author":1,"featured_media":4105,"parent":0,"menu_order":0,"comment_status":"closed","ping_status":"closed","template":"","meta":{"footnotes":""},"class_list":["post-2507","page","type-page","status-publish","has-post-thumbnail","hentry"],"jetpack_sharing_enabled":true,"_links":{"self":[{"href":"http:\/\/www.sambio.org.br\/simbioma\/wp-json\/wp\/v2\/pages\/2507","targetHints":{"allow":["GET"]}}],"collection":[{"href":"http:\/\/www.sambio.org.br\/simbioma\/wp-json\/wp\/v2\/pages"}],"about":[{"href":"http:\/\/www.sambio.org.br\/simbioma\/wp-json\/wp\/v2\/types\/page"}],"author":[{"embeddable":true,"href":"http:\/\/www.sambio.org.br\/simbioma\/wp-json\/wp\/v2\/users\/1"}],"replies":[{"embeddable":true,"href":"http:\/\/www.sambio.org.br\/simbioma\/wp-json\/wp\/v2\/comments?post=2507"}],"version-history":[{"count":33,"href":"http:\/\/www.sambio.org.br\/simbioma\/wp-json\/wp\/v2\/pages\/2507\/revisions"}],"predecessor-version":[{"id":4110,"href":"http:\/\/www.sambio.org.br\/simbioma\/wp-json\/wp\/v2\/pages\/2507\/revisions\/4110"}],"wp:featuredmedia":[{"embeddable":true,"href":"http:\/\/www.sambio.org.br\/simbioma\/wp-json\/wp\/v2\/media\/4105"}],"wp:attachment":[{"href":"http:\/\/www.sambio.org.br\/simbioma\/wp-json\/wp\/v2\/media?parent=2507"}],"curies":[{"name":"wp","href":"https:\/\/api.w.org\/{rel}","templated":true}]}}